{"id":1396,"date":"2022-12-20T13:03:39","date_gmt":"2022-12-20T13:03:39","guid":{"rendered":"https:\/\/2023.imedos.com\/static-vessel-analysis\/"},"modified":"2025-10-08T13:42:09","modified_gmt":"2025-10-08T13:42:09","slug":"static-vessel-analysis","status":"publish","type":"page","link":"https:\/\/imedos.com\/?page_id=1396&lang=en","title":{"rendered":"Static Vessel Analysis"},"content":{"rendered":"\t\t<div data-elementor-type=\"wp-page\" data-elementor-id=\"1396\" class=\"elementor elementor-1396 elementor-1374\">\n\t\t\t\t\t\t<section class=\"elementor-section elementor-top-section elementor-element elementor-element-e30fe6e elementor-section-full_width elementor-section-height-default elementor-section-height-default\" data-id=\"e30fe6e\" data-element_type=\"section\" data-e-type=\"section\">\n\t\t\t\t\t\t<div class=\"elementor-container elementor-column-gap-default\">\n\t\t\t\t\t<div class=\"elementor-column elementor-col-50 elementor-top-column elementor-element elementor-element-80e39b1\" data-id=\"80e39b1\" data-element_type=\"column\" data-e-type=\"column\">\n\t\t\t<div class=\"elementor-widget-wrap elementor-element-populated\">\n\t\t\t\t\t\t<div class=\"elementor-element elementor-element-96ddc64 elementor-arrows-position-outside elementor-pagination-position-outside elementor-widget elementor-widget-image-carousel\" data-id=\"96ddc64\" data-element_type=\"widget\" data-e-type=\"widget\" data-settings=\"{&quot;slides_to_show&quot;:&quot;1&quot;,&quot;navigation&quot;:&quot;both&quot;,&quot;autoplay&quot;:&quot;yes&quot;,&quot;pause_on_hover&quot;:&quot;yes&quot;,&quot;pause_on_interaction&quot;:&quot;yes&quot;,&quot;autoplay_speed&quot;:5000,&quot;infinite&quot;:&quot;yes&quot;,&quot;effect&quot;:&quot;slide&quot;,&quot;speed&quot;:500}\" data-widget_type=\"image-carousel.default\">\n\t\t\t\t<div class=\"elementor-widget-container\">\n\t\t\t\t\t\t\t<div class=\"elementor-image-carousel-wrapper swiper\" role=\"region\" aria-roledescription=\"carousel\" aria-label=\"Bild Karussell\" dir=\"ltr\">\n\t\t\t<div class=\"elementor-image-carousel swiper-wrapper\" aria-live=\"off\">\n\t\t\t\t\t\t\t\t<div class=\"swiper-slide\" role=\"group\" aria-roledescription=\"slide\" aria-label=\"1 of 4\"><a data-elementor-open-lightbox=\"yes\" data-elementor-lightbox-slideshow=\"96ddc64\" data-elementor-lightbox-title=\"VesselMap user interface\" data-e-action-hash=\"#elementor-action%3Aaction%3Dlightbox%26settings%3DeyJpZCI6MjQzNCwidXJsIjoiaHR0cHM6XC9cL2ltZWRvcy5jb21cL3dwLWNvbnRlbnRcL3VwbG9hZHNcLzIwMjNcLzAxXC9TY3JlZW5zaG90LTIwMjMtMDEtMTgtMTYwOTIxLnBuZyIsInNsaWRlc2hvdyI6Ijk2ZGRjNjQifQ%3D%3D\" href=\"https:\/\/imedos.com\/wp-content\/uploads\/2023\/01\/Screenshot-2023-01-18-160921.png\"><figure class=\"swiper-slide-inner\"><img decoding=\"async\" class=\"swiper-slide-image\" src=\"https:\/\/imedos.com\/wp-content\/uploads\/2023\/01\/Screenshot-2023-01-18-160921.png\" alt=\"VesselMap user interface\" \/><figcaption class=\"elementor-image-carousel-caption\">VesselMap user interface<\/figcaption><\/figure><\/a><\/div><div class=\"swiper-slide\" role=\"group\" aria-roledescription=\"slide\" aria-label=\"2 of 4\"><a data-elementor-open-lightbox=\"yes\" data-elementor-lightbox-slideshow=\"96ddc64\" data-elementor-lightbox-title=\"Detection of vessel topology by our AI algorithms.\" data-e-action-hash=\"#elementor-action%3Aaction%3Dlightbox%26settings%3DeyJpZCI6NTQ3OSwidXJsIjoiaHR0cHM6XC9cL2ltZWRvcy5jb21cL3dwLWNvbnRlbnRcL3VwbG9hZHNcLzIwMjNcLzAyXC9WZXNzZWxNYXBfQUlfQWxnb3JpdGhtc18xXzQucG5nIiwic2xpZGVzaG93IjoiOTZkZGM2NCJ9\" href=\"https:\/\/imedos.com\/wp-content\/uploads\/2023\/02\/VesselMap_AI_Algorithms_1_4.png\"><figure class=\"swiper-slide-inner\"><img decoding=\"async\" class=\"swiper-slide-image\" src=\"https:\/\/imedos.com\/wp-content\/uploads\/2023\/02\/VesselMap_AI_Algorithms_1_4.png\" alt=\"Image shows the proportion of macrocirculation and microcirculation in the human bodyMicrocirculation_relation\" \/><figcaption class=\"elementor-image-carousel-caption\">Detection of vessel topology by our AI algorithms.<\/figcaption><\/figure><\/a><\/div><div class=\"swiper-slide\" role=\"group\" aria-roledescription=\"slide\" aria-label=\"3 of 4\"><a data-elementor-open-lightbox=\"yes\" data-elementor-lightbox-slideshow=\"96ddc64\" data-elementor-lightbox-title=\"Vessel detection adapted to the ARIC study using AI\" data-e-action-hash=\"#elementor-action%3Aaction%3Dlightbox%26settings%3DeyJpZCI6NTcxNywidXJsIjoiaHR0cHM6XC9cL2ltZWRvcy5jb21cL3dwLWNvbnRlbnRcL3VwbG9hZHNcLzIwMjNcLzAyXC9BUklDX3ByZWRpY3Rpb25zLnBuZyIsInNsaWRlc2hvdyI6Ijk2ZGRjNjQifQ%3D%3D\" href=\"https:\/\/imedos.com\/wp-content\/uploads\/2023\/02\/ARIC_predictions.png\"><figure class=\"swiper-slide-inner\"><img decoding=\"async\" class=\"swiper-slide-image\" src=\"https:\/\/imedos.com\/wp-content\/uploads\/2023\/02\/ARIC_predictions.png\" alt=\"Vessel detection adapted to the ARIC study using AI\" \/><figcaption class=\"elementor-image-carousel-caption\">Vessel detection adapted to the ARIC study using AI<\/figcaption><\/figure><\/a><\/div><div class=\"swiper-slide\" role=\"group\" aria-roledescription=\"slide\" aria-label=\"4 of 4\"><a data-elementor-open-lightbox=\"yes\" data-elementor-lightbox-slideshow=\"96ddc64\" data-elementor-lightbox-title=\"Automatic preselection of vessel sections using AI.\" data-e-action-hash=\"#elementor-action%3Aaction%3Dlightbox%26settings%3DeyJpZCI6NTA0NiwidXJsIjoiaHR0cHM6XC9cL2ltZWRvcy5jb21cL3dwLWNvbnRlbnRcL3VwbG9hZHNcLzIwMjNcLzAyXC9CaWxkLWVpbmdlZnVlZ3QtYW0tMjAyMi02LTgtMTYtMjUucG5nIiwic2xpZGVzaG93IjoiOTZkZGM2NCJ9\" href=\"https:\/\/imedos.com\/wp-content\/uploads\/2023\/02\/Bild-eingefuegt-am-2022-6-8-16-25.png\"><figure class=\"swiper-slide-inner\"><img decoding=\"async\" class=\"swiper-slide-image\" src=\"https:\/\/imedos.com\/wp-content\/uploads\/2023\/02\/Bild-eingefuegt-am-2022-6-8-16-25.png\" alt=\"Vessel detection adapted to the ARIC study using AI.\" \/><figcaption class=\"elementor-image-carousel-caption\">Automatic preselection of vessel sections using AI.<\/figcaption><\/figure><\/a><\/div>\t\t\t<\/div>\n\t\t\t\t\t\t\t\t\t\t\t\t<div class=\"elementor-swiper-button elementor-swiper-button-prev\" role=\"button\" tabindex=\"0\">\n\t\t\t\t\t\t<i aria-hidden=\"true\" class=\"eicon-chevron-left\"><\/i>\t\t\t\t\t<\/div>\n\t\t\t\t\t<div class=\"elementor-swiper-button elementor-swiper-button-next\" role=\"button\" tabindex=\"0\">\n\t\t\t\t\t\t<i aria-hidden=\"true\" class=\"eicon-chevron-right\"><\/i>\t\t\t\t\t<\/div>\n\t\t\t\t\n\t\t\t\t\t\t\t\t\t<div class=\"swiper-pagination\"><\/div>\n\t\t\t\t\t\t\t\t\t<\/div>\n\t\t\t\t\t\t<\/div>\n\t\t\t\t<\/div>\n\t\t\t\t\t<\/div>\n\t\t<\/div>\n\t\t\t\t<div class=\"elementor-column elementor-col-50 elementor-top-column elementor-element elementor-element-bdf9608\" data-id=\"bdf9608\" data-element_type=\"column\" data-e-type=\"column\">\n\t\t\t<div class=\"elementor-widget-wrap elementor-element-populated\">\n\t\t\t\t\t\t<section class=\"elementor-section elementor-inner-section elementor-element elementor-element-48f9315 elementor-section-boxed elementor-section-height-default elementor-section-height-default\" data-id=\"48f9315\" data-element_type=\"section\" data-e-type=\"section\">\n\t\t\t\t\t\t<div class=\"elementor-container elementor-column-gap-default\">\n\t\t\t\t\t<div class=\"elementor-column elementor-col-50 elementor-inner-column elementor-element elementor-element-5d75a48\" data-id=\"5d75a48\" data-element_type=\"column\" data-e-type=\"column\">\n\t\t\t<div class=\"elementor-widget-wrap elementor-element-populated\">\n\t\t\t\t\t\t<div class=\"elementor-element elementor-element-71bfff6 elementor-widget elementor-widget-heading\" data-id=\"71bfff6\" data-element_type=\"widget\" data-e-type=\"widget\" data-widget_type=\"heading.default\">\n\t\t\t\t<div class=\"elementor-widget-container\">\n\t\t\t\t\t<h1 class=\"elementor-heading-title elementor-size-large\">VesselMap<\/h1>\t\t\t\t<\/div>\n\t\t\t\t<\/div>\n\t\t\t\t<div class=\"elementor-element elementor-element-f69e721 elementor-widget elementor-widget-heading\" data-id=\"f69e721\" data-element_type=\"widget\" data-e-type=\"widget\" data-widget_type=\"heading.default\">\n\t\t\t\t<div class=\"elementor-widget-container\">\n\t\t\t\t\t<h1 class=\"elementor-heading-title elementor-size-medium\">Static Vessel Analysis Software<\/h1>\t\t\t\t<\/div>\n\t\t\t\t<\/div>\n\t\t\t\t\t<\/div>\n\t\t<\/div>\n\t\t\t\t<div class=\"elementor-column elementor-col-50 elementor-inner-column elementor-element elementor-element-5426a11\" data-id=\"5426a11\" data-element_type=\"column\" data-e-type=\"column\">\n\t\t\t<div class=\"elementor-widget-wrap elementor-element-populated\">\n\t\t\t\t\t\t<div class=\"elementor-element elementor-element-2678960 elementor-view-default elementor-widget elementor-widget-icon\" data-id=\"2678960\" data-element_type=\"widget\" data-e-type=\"widget\" data-widget_type=\"icon.default\">\n\t\t\t\t<div class=\"elementor-widget-container\">\n\t\t\t\t\t\t\t<div class=\"elementor-icon-wrapper\">\n\t\t\t<div class=\"elementor-icon\">\n\t\t\t<i aria-hidden=\"true\" class=\"fas fa-bullseye\"><\/i>\t\t\t<\/div>\n\t\t<\/div>\n\t\t\t\t\t\t<\/div>\n\t\t\t\t<\/div>\n\t\t\t\t\t<\/div>\n\t\t<\/div>\n\t\t\t\t\t<\/div>\n\t\t<\/section>\n\t\t\t\t<div class=\"elementor-element elementor-element-e3165c1 elementor-widget elementor-widget-text-editor\" data-id=\"e3165c1\" data-element_type=\"widget\" data-e-type=\"widget\" data-widget_type=\"text-editor.default\">\n\t\t\t\t<div class=\"elementor-widget-container\">\n\t\t\t\t\t\t\t\t\t<p><span style=\"color: var( --e-global-color-primary ); font-size: 15px;\">The unique VesselMap analysis software is used to determine and analyze vascular parameters from previously recorded retinal images. These parameters are <g id=\"gid_0\">valid biomarkers<\/g> that can be used as risk factors or prognostic indicators for vascular diseases and vascular events. Our VesselMap is ideally suited for use in medical research and can provide important information on vascular risk, e.g. for  <\/span><\/p><ul><li>Risk assessment of vascular-related diseases<\/li><li style=\"font-size: 15px;\">Risk assessment before interventions<\/li><li>Estimation and prediction of progression <\/li><li>Testing of therapeutical approaches<\/li><\/ul><p><b>Further information: <a href=\"https:\/\/imedos.com\/?page_id=4440&#038;lang=en\">Method of Static Vessel Analysis<\/a><\/b><\/p>\t\t\t\t\t\t\t\t<\/div>\n\t\t\t\t<\/div>\n\t\t\t\t\t<\/div>\n\t\t<\/div>\n\t\t\t\t\t<\/div>\n\t\t<\/section>\n\t\t\t\t<section class=\"elementor-section elementor-top-section elementor-element elementor-element-3bfacdfd elementor-section-full_width elementor-section-height-default elementor-section-height-default elementor-invisible\" data-id=\"3bfacdfd\" data-element_type=\"section\" data-e-type=\"section\" data-settings=\"{&quot;animation&quot;:&quot;fadeIn&quot;,&quot;animation_delay&quot;:500}\">\n\t\t\t\t\t\t<div class=\"elementor-container elementor-column-gap-default\">\n\t\t\t\t\t<div class=\"elementor-column elementor-col-100 elementor-top-column elementor-element elementor-element-3cbb73a4\" data-id=\"3cbb73a4\" data-element_type=\"column\" data-e-type=\"column\">\n\t\t\t<div class=\"elementor-widget-wrap elementor-element-populated\">\n\t\t\t\t\t\t<div class=\"elementor-element elementor-element-833ff8c elementor-tabs-alignment-stretch elementor-tabs-view-horizontal elementor-invisible elementor-widget elementor-widget-tabs\" data-id=\"833ff8c\" data-element_type=\"widget\" data-e-type=\"widget\" data-settings=\"{&quot;_animation&quot;:&quot;fadeIn&quot;}\" data-widget_type=\"tabs.default\">\n\t\t\t\t<div class=\"elementor-widget-container\">\n\t\t\t\t\t\t\t<div class=\"elementor-tabs\">\n\t\t\t<div class=\"elementor-tabs-wrapper\" role=\"tablist\" >\n\t\t\t\t\t\t\t\t\t<div id=\"elementor-tab-title-1371\" class=\"elementor-tab-title elementor-tab-desktop-title\" aria-selected=\"true\" data-tab=\"1\" role=\"tab\" tabindex=\"0\" aria-controls=\"elementor-tab-content-1371\" aria-expanded=\"false\">Features<\/div>\n\t\t\t\t\t\t\t\t\t<div id=\"elementor-tab-title-1372\" class=\"elementor-tab-title elementor-tab-desktop-title\" aria-selected=\"false\" data-tab=\"2\" role=\"tab\" tabindex=\"-1\" aria-controls=\"elementor-tab-content-1372\" aria-expanded=\"false\">Examination procedure<\/div>\n\t\t\t\t\t\t\t\t\t<div id=\"elementor-tab-title-1373\" class=\"elementor-tab-title elementor-tab-desktop-title\" aria-selected=\"false\" data-tab=\"3\" role=\"tab\" tabindex=\"-1\" aria-controls=\"elementor-tab-content-1373\" aria-expanded=\"false\">Evaluation <\/div>\n\t\t\t\t\t\t\t\t\t<div id=\"elementor-tab-title-1374\" class=\"elementor-tab-title elementor-tab-desktop-title\" aria-selected=\"false\" data-tab=\"4\" role=\"tab\" tabindex=\"-1\" aria-controls=\"elementor-tab-content-1374\" aria-expanded=\"false\">Licensing &amp; Requirements<\/div>\n\t\t\t\t\t\t\t\t\t<div id=\"elementor-tab-title-1375\" class=\"elementor-tab-title elementor-tab-desktop-title\" aria-selected=\"false\" data-tab=\"5\" role=\"tab\" tabindex=\"-1\" aria-controls=\"elementor-tab-content-1375\" aria-expanded=\"false\">Additional modules<\/div>\n\t\t\t\t\t\t\t<\/div>\n\t\t\t<div class=\"elementor-tabs-content-wrapper\" role=\"tablist\" aria-orientation=\"vertical\">\n\t\t\t\t\t\t\t\t\t<div class=\"elementor-tab-title elementor-tab-mobile-title\" aria-selected=\"true\" data-tab=\"1\" role=\"tab\" tabindex=\"0\" aria-controls=\"elementor-tab-content-1371\" aria-expanded=\"false\">Features<\/div>\n\t\t\t\t\t<div id=\"elementor-tab-content-1371\" class=\"elementor-tab-content elementor-clearfix\" data-tab=\"1\" role=\"tabpanel\" aria-labelledby=\"elementor-tab-title-1371\" tabindex=\"0\" hidden=\"false\"><ul>\n<li>Simple, software-guided application<\/li>\n<li>Automatic determination of vessel topology with preselection of vessel sections and precise determination of vessel parameters (depending on the fundus camera)<\/li>\n<li>Integrated function for progress monitoring for a significant improvement in reproducibility and fully automatic evaluation of follow-up images<\/li>\n<li>Available with German and English user interface<\/li>\n<\/ul>\n<\/div>\n\t\t\t\t\t\t\t\t\t<div class=\"elementor-tab-title elementor-tab-mobile-title\" aria-selected=\"false\" data-tab=\"2\" role=\"tab\" tabindex=\"-1\" aria-controls=\"elementor-tab-content-1372\" aria-expanded=\"false\">Examination procedure<\/div>\n\t\t\t\t\t<div id=\"elementor-tab-content-1372\" class=\"elementor-tab-content elementor-clearfix\" data-tab=\"2\" role=\"tabpanel\" aria-labelledby=\"elementor-tab-title-1372\" tabindex=\"0\" hidden=\"hidden\"><div class=\"post-row__padding top\">\n<div id=\"post_79o3gu494ifbikmfh4pi31admo\" class=\"a11y__section post other--root \" tabindex=\"0\" role=\"listitem\" aria-label=\"Am Donnerstag, 19. Januar um 13:13 schrieb Benedikt Krauss: 1. Mit dem bildgebenden System wird mindestens ein Bild von der Netzhaut standardisiert aufgenommen. 2. Die Auswertung des digitalisierten Netzhautbildes erfolgt unter Verwendung von ringf\u00f6rmigen Markierungen, die zur Lage der Papille zentriert werden. 3. Die Software nimmt eine automatische Vorselektion aller arteriellen und ven\u00f6sen Gef\u00e4\u00dfe mit einem Durchmesser von mehr als 40 \u03bcm vor. 4. Daraus wird automatisch f\u00fcr jeden zusam\u00admenh\u00e4ngenden Gef\u00e4\u00dfabschnitt ein \u00fcber den Ort gemittelten Gef\u00e4\u00dfdurchmesser bestimmt. 5. Im letzten Schritt erfolgt die automatische Berechnung der Gef\u00e4\u00dfparameter nach den von Hubbard[\\[1\\]](#_ftn1) beschriebenen Formeln f\u00fcr das ARIC-Protokoll.\" data-testid=\"postView\" aria-atomic=\"true\">\n<div class=\"post__content \" role=\"application\" data-testid=\"postContent\" aria-hidden=\"true\">\n<div class=\"AutoHeight\">\n<div id=\"79o3gu494ifbikmfh4pi31admo_message\" class=\"post__body \">\n<div class=\"post-message post-message--collapsed\">\n<div class=\"post-message__text-container\">\n<div id=\"postMessageText_79o3gu494ifbikmfh4pi31admo\" class=\"post-message__text\" dir=\"auto\" tabindex=\"0\" aria-readonly=\"true\">\n<ol>\n<li>At least one image of the retina is acquired in a standardized manner with the imaging system<\/li>\n<li>The evaluation of the digitized fundus image is performed using ring-shaped markers centered to the location of the optic disc<\/li>\n<li>The software makes an automatic preselection of all detected arterial and venous vessels<\/li>\n<li>From this, the vessel diameter is automatically averaged spatially-segment-wise for each marked vessel<\/li>\n<li>In the last step, the vascular parameters are calculated according to the procedures described by Hubbard in the ARIC study [1][2].<\/li>\n<\/ol>\n<p>[1] Hubbard, Larry D., et al. \u201cMethods for evaluation of retinal microvascular abnormalities associated with hypertension\/sclerosis in the Atherosclerosis Risk in Communities Study.\u201d Ophthalmology 106.12 (1999): 2269-2280; doi:<strong><a href=\"https:\/\/doi.org\/10.1016\/s0161-6420(99)90525-0\" target=\"_blank\" rel=\"noopener\" data-ga-category=\"full_text\" data-ga-action=\"DOI\">10.1016\/s0161-6420(99)90525-0<\/a><br \/>[2] Sharrett A R, et al. \u201cRetinal arteriolar diameters and elevated blood pressure: the Atherosclerosis Risk in Communities Study\u201d Am J Epidemiol 150(3); (1999):263-70; doi:<strong><a href=\"https:\/\/doi.org\/10.1093\/oxfordjournals.aje.a009997\" target=\"_blank\" rel=\"noopener\">10.1093\/oxfordjournals.aje.a009997<\/a><\/strong>.<\/strong>    <\/p>\n<\/div>\n<\/div>\n<\/div>\n<\/div>\n<\/div>\n<\/div>\n<\/div>\n<\/div>\n<\/div>\n\t\t\t\t\t\t\t\t\t<div class=\"elementor-tab-title elementor-tab-mobile-title\" aria-selected=\"false\" data-tab=\"3\" role=\"tab\" tabindex=\"-1\" aria-controls=\"elementor-tab-content-1373\" aria-expanded=\"false\">Evaluation <\/div>\n\t\t\t\t\t<div id=\"elementor-tab-content-1373\" class=\"elementor-tab-content elementor-clearfix\" data-tab=\"3\" role=\"tabpanel\" aria-labelledby=\"elementor-tab-title-1373\" tabindex=\"0\" hidden=\"hidden\"><p>VesselMap determines the following static vessel parameters:<\/p>\n<ul>\n<li><strong>Central retinal arteriolar equivalent (CRAE)<\/strong>: arterial model vessel diameter.<\/li>\n<li><strong>Central retinal venular equivalent (CRVE)<\/strong>: venous model vessel diameter.<\/li>\n<li><strong>Arteriolar-to-venular ratio (AVR)<\/strong>: the CRAE\/CRVE ratio.<\/li>\n<\/ul>\n<p>The central equivalents CRAE and CRVE describe model vessel diameters for characterizing the central vessels. These biomarkers take into account all arterial and venous vessels flowing into and out of the retina according to a geometric-hemodynamic weighting. <\/p>\n<\/div>\n\t\t\t\t\t\t\t\t\t<div class=\"elementor-tab-title elementor-tab-mobile-title\" aria-selected=\"false\" data-tab=\"4\" role=\"tab\" tabindex=\"-1\" aria-controls=\"elementor-tab-content-1374\" aria-expanded=\"false\">Licensing &amp; Requirements<\/div>\n\t\t\t\t\t<div id=\"elementor-tab-content-1374\" class=\"elementor-tab-content elementor-clearfix\" data-tab=\"4\" role=\"tabpanel\" aria-labelledby=\"elementor-tab-title-1374\" tabindex=\"0\" hidden=\"hidden\"><p>VesselMap is available as a software license in combination with terms of 1 year or 10 years. It can be combined with various imaging systems from leading manufacturers and integrated into the existing software environment. The analysis and calculation parameters of the software are tailored to your system and adapted accordingly.  <\/p>\n<p>The current VesselMap has not been certified by us as a medical device according to MDR (Medical Device Regulation) due to disproportionately high costs and effort and is only approved for research use. Versions that have already been delivered retain their previous approvals. <\/p>\n<p>In order to integrate the software into your existing environment, a suitable fundus camera and a corresponding computer must be available. We will be happy to check the compatibility of your existing hardware with our products. Alternatively, both can also be obtained from Imedos.  <\/p>\n<p><strong><a href=\"https:\/\/imedos.com\/?page_id=706&#038;lang=en\">Contact our customer service for more information!<\/a><\/strong><\/p>\n<\/div>\n\t\t\t\t\t\t\t\t\t<div class=\"elementor-tab-title elementor-tab-mobile-title\" aria-selected=\"false\" data-tab=\"5\" role=\"tab\" tabindex=\"-1\" aria-controls=\"elementor-tab-content-1375\" aria-expanded=\"false\">Additional modules<\/div>\n\t\t\t\t\t<div id=\"elementor-tab-content-1375\" class=\"elementor-tab-content elementor-clearfix\" data-tab=\"5\" role=\"tabpanel\" aria-labelledby=\"elementor-tab-title-1375\" tabindex=\"0\" hidden=\"hidden\"><ul>\n<li>The <strong>imaging unit<\/strong>, for acquiring the fundus images if a suitable system is not yet available.<\/li>\n<li>The <strong>workstation<\/strong> consisting of instrument table, computer unit and power supply for comfortable and mobile work.<\/li>\n<li>The <strong>server solution<\/strong>, for connecting different workstations and synchronizing the corresponding databases.<\/li>\n<li>The <strong>management system connection<\/strong> for smooth integration of static vessel analysis into existing software. (DICOM) <\/li>\n<li>The <strong>research option<\/strong>, for free examination of vessel diameters outside the standardized examination protocol.<\/li>\n<\/ul>\n<\/div>\n\t\t\t\t\t\t\t<\/div>\n\t\t<\/div>\n\t\t\t\t\t\t<\/div>\n\t\t\t\t<\/div>\n\t\t\t\t\t<\/div>\n\t\t<\/div>\n\t\t\t\t\t<\/div>\n\t\t<\/section>\n\t\t\t\t<\/div>\n\t\t","protected":false},"excerpt":{"rendered":"<p>VesselMap Benutzeroberfl\u00e4che Detektion der Gef\u00e4\u00dftopologie durch unsere KI Algorithmen An die ARIC Studie angepasste Gef\u00e4\u00dferkennung mittels KI Automatische Vorselektion der Gef\u00e4\u00dfabschnitte mittels KI VesselMap Static Vessel Analysis Software The unique VesselMap analysis software is used to determine and analyze vascular parameters from previously recorded retinal images. These parameters are valid biomarkers that can be used [&hellip;]<\/p>\n","protected":false},"author":1,"featured_media":0,"parent":0,"menu_order":0,"comment_status":"closed","ping_status":"closed","template":"","meta":{"inline_featured_image":false,"ocean_post_layout":"full-width","ocean_both_sidebars_style":"","ocean_both_sidebars_content_width":0,"ocean_both_sidebars_sidebars_width":0,"ocean_sidebar":"0","ocean_second_sidebar":"0","ocean_disable_margins":"enable","ocean_add_body_class":"","ocean_shortcode_before_top_bar":"","ocean_shortcode_after_top_bar":"","ocean_shortcode_before_header":"","ocean_shortcode_after_header":"","ocean_has_shortcode":"","ocean_shortcode_after_title":"","ocean_shortcode_before_footer_widgets":"","ocean_shortcode_after_footer_widgets":"","ocean_shortcode_before_footer_bottom":"","ocean_shortcode_after_footer_bottom":"","ocean_display_top_bar":"default","ocean_display_header":"default","ocean_header_style":"","ocean_center_header_left_menu":"0","ocean_custom_header_template":"0","ocean_custom_logo":0,"ocean_custom_retina_logo":0,"ocean_custom_logo_max_width":0,"ocean_custom_logo_tablet_max_width":0,"ocean_custom_logo_mobile_max_width":0,"ocean_custom_logo_max_height":0,"ocean_custom_logo_tablet_max_height":0,"ocean_custom_logo_mobile_max_height":0,"ocean_header_custom_menu":"0","ocean_menu_typo_font_family":"0","ocean_menu_typo_font_subset":"","ocean_menu_typo_font_size":0,"ocean_menu_typo_font_size_tablet":0,"ocean_menu_typo_font_size_mobile":0,"ocean_menu_typo_font_size_unit":"px","ocean_menu_typo_font_weight":"","ocean_menu_typo_font_weight_tablet":"","ocean_menu_typo_font_weight_mobile":"","ocean_menu_typo_transform":"","ocean_menu_typo_transform_tablet":"","ocean_menu_typo_transform_mobile":"","ocean_menu_typo_line_height":0,"ocean_menu_typo_line_height_tablet":0,"ocean_menu_typo_line_height_mobile":0,"ocean_menu_typo_line_height_unit":"","ocean_menu_typo_spacing":0,"ocean_menu_typo_spacing_tablet":0,"ocean_menu_typo_spacing_mobile":0,"ocean_menu_typo_spacing_unit":"","ocean_menu_link_color":"","ocean_menu_link_color_hover":"","ocean_menu_link_color_active":"","ocean_menu_link_background":"","ocean_menu_link_hover_background":"","ocean_menu_link_active_background":"","ocean_menu_social_links_bg":"","ocean_menu_social_hover_links_bg":"","ocean_menu_social_links_color":"","ocean_menu_social_hover_links_color":"","ocean_disable_title":"default","ocean_disable_heading":"default","ocean_post_title":"","ocean_post_subheading":"","ocean_post_title_style":"","ocean_post_title_background_color":"","ocean_post_title_background":0,"ocean_post_title_bg_image_position":"","ocean_post_title_bg_image_attachment":"","ocean_post_title_bg_image_repeat":"","ocean_post_title_bg_image_size":"","ocean_post_title_height":0,"ocean_post_title_bg_overlay":0.5,"ocean_post_title_bg_overlay_color":"","ocean_disable_breadcrumbs":"default","ocean_breadcrumbs_color":"","ocean_breadcrumbs_separator_color":"","ocean_breadcrumbs_links_color":"","ocean_breadcrumbs_links_hover_color":"","ocean_display_footer_widgets":"default","ocean_display_footer_bottom":"default","ocean_custom_footer_template":"0","osh_disable_topbar_sticky":"default","osh_disable_header_sticky":"default","osh_sticky_header_style":"default","osh_sticky_header_effect":"","osh_custom_sticky_logo":0,"osh_custom_retina_sticky_logo":0,"osh_custom_sticky_logo_height":0,"osh_background_color":"","osh_links_color":"","osh_links_hover_color":"","osh_links_active_color":"","osh_links_bg_color":"","osh_links_hover_bg_color":"","osh_links_active_bg_color":"","osh_menu_social_links_color":"","osh_menu_social_hover_links_color":"","footnotes":""},"class_list":["post-1396","page","type-page","status-publish","hentry","entry"],"aioseo_notices":[],"_links":{"self":[{"href":"https:\/\/imedos.com\/index.php?rest_route=\/wp\/v2\/pages\/1396","targetHints":{"allow":["GET"]}}],"collection":[{"href":"https:\/\/imedos.com\/index.php?rest_route=\/wp\/v2\/pages"}],"about":[{"href":"https:\/\/imedos.com\/index.php?rest_route=\/wp\/v2\/types\/page"}],"author":[{"embeddable":true,"href":"https:\/\/imedos.com\/index.php?rest_route=\/wp\/v2\/users\/1"}],"replies":[{"embeddable":true,"href":"https:\/\/imedos.com\/index.php?rest_route=%2Fwp%2Fv2%2Fcomments&post=1396"}],"version-history":[{"count":61,"href":"https:\/\/imedos.com\/index.php?rest_route=\/wp\/v2\/pages\/1396\/revisions"}],"predecessor-version":[{"id":6832,"href":"https:\/\/imedos.com\/index.php?rest_route=\/wp\/v2\/pages\/1396\/revisions\/6832"}],"wp:attachment":[{"href":"https:\/\/imedos.com\/index.php?rest_route=%2Fwp%2Fv2%2Fmedia&parent=1396"}],"curies":[{"name":"wp","href":"https:\/\/api.w.org\/{rel}","templated":true}]}}