{"id":2845,"date":"2023-01-25T15:54:41","date_gmt":"2023-01-25T15:54:41","guid":{"rendered":"https:\/\/2023.imedos.com\/?page_id=2845"},"modified":"2024-01-16T11:31:01","modified_gmt":"2024-01-16T11:31:01","slug":"karriere","status":"publish","type":"page","link":"https:\/\/imedos.com\/?page_id=2845","title":{"rendered":"Karriere"},"content":{"rendered":"\t\t<div data-elementor-type=\"wp-page\" data-elementor-id=\"2845\" class=\"elementor elementor-2845\">\n\t\t\t\t\t\t<section class=\"elementor-section elementor-top-section elementor-element elementor-element-b41c0e6 elementor-section-full_width elementor-section-height-default elementor-section-height-default\" data-id=\"b41c0e6\" data-element_type=\"section\" data-e-type=\"section\">\n\t\t\t\t\t\t<div class=\"elementor-container elementor-column-gap-default\">\n\t\t\t\t\t<div class=\"elementor-column elementor-col-50 elementor-top-column elementor-element elementor-element-14233e0\" data-id=\"14233e0\" data-element_type=\"column\" data-e-type=\"column\">\n\t\t\t<div class=\"elementor-widget-wrap elementor-element-populated\">\n\t\t\t\t\t\t<div class=\"elementor-element elementor-element-ac05322 elementor-widget elementor-widget-image\" data-id=\"ac05322\" data-element_type=\"widget\" data-e-type=\"widget\" data-widget_type=\"image.default\">\n\t\t\t\t<div class=\"elementor-widget-container\">\n\t\t\t\t\t\t\t\t\t\t\t\t\t\t\t<img fetchpriority=\"high\" decoding=\"async\" width=\"1024\" height=\"778\" src=\"https:\/\/imedos.com\/wp-content\/uploads\/2023\/01\/praktikum_abschlussarbeit-1588672422-1024x778.jpg\" class=\"attachment-large size-large wp-image-3598\" alt=\"Willkommen im Team!\" srcset=\"https:\/\/imedos.com\/wp-content\/uploads\/2023\/01\/praktikum_abschlussarbeit-1588672422-1024x778.jpg 1024w, https:\/\/imedos.com\/wp-content\/uploads\/2023\/01\/praktikum_abschlussarbeit-1588672422-300x228.jpg 300w, https:\/\/imedos.com\/wp-content\/uploads\/2023\/01\/praktikum_abschlussarbeit-1588672422-768x583.jpg 768w, https:\/\/imedos.com\/wp-content\/uploads\/2023\/01\/praktikum_abschlussarbeit-1588672422.jpg 1053w\" sizes=\"(max-width: 1024px) 100vw, 1024px\" \/>\t\t\t\t\t\t\t\t\t\t\t\t\t\t\t<\/div>\n\t\t\t\t<\/div>\n\t\t\t\t\t<\/div>\n\t\t<\/div>\n\t\t\t\t<div class=\"elementor-column elementor-col-50 elementor-top-column elementor-element elementor-element-85470d0\" data-id=\"85470d0\" data-element_type=\"column\" data-e-type=\"column\">\n\t\t\t<div class=\"elementor-widget-wrap elementor-element-populated\">\n\t\t\t\t\t\t<div class=\"elementor-element elementor-element-cd78fc5 elementor-widget elementor-widget-heading\" data-id=\"cd78fc5\" data-element_type=\"widget\" data-e-type=\"widget\" data-widget_type=\"heading.default\">\n\t\t\t\t<div class=\"elementor-widget-container\">\n\t\t\t\t\t<h2 class=\"elementor-heading-title elementor-size-default\">Wir arbeiten gemeinsam \u2013 f\u00fcr die Gef\u00e4\u00dfgesundheit<\/h2>\t\t\t\t<\/div>\n\t\t\t\t<\/div>\n\t\t\t\t<div class=\"elementor-element elementor-element-5615d45 elementor-widget elementor-widget-text-editor\" data-id=\"5615d45\" data-element_type=\"widget\" data-e-type=\"widget\" data-widget_type=\"text-editor.default\">\n\t\t\t\t<div class=\"elementor-widget-container\">\n\t\t\t\t\t\t\t\t\t<p>Seit mehr als 20\u00a0Jahren engagiert sich Imedos in der Forschung und Entwicklung von innovativen, medizintechnischen Ger\u00e4tesystemen zur Netzhaut-Gef\u00e4\u00dfanalyse.<\/p><p>Dank unserer Technologien erhalten Anwender in Praxis, Klinik und Forschung detaillierte Einblicke in den Zustand, die Funktion und die Regulation retinaler Gef\u00e4\u00dfe und erfahren so wichtige Informationen \u00fcber die allgemeine Gef\u00e4\u00dfgesundheit von Patienten sowie Hinweise auf m\u00f6gliche Organerkrankungen.<\/p><p>Unser Stellenmarkt bietet interessante Herausforderungen f\u00fcr Berufseinsteiger und Berufserfahrene. Ob Optiker, Mediziner, Informatiker oder Wirtschaftswissenschaftler\u00a0\u2013 wir wollen Sie kennenlernen und freuen uns auf Ihre Bewerbung. Werden auch Sie Teil unseres innovativen Teams!<\/p><p><strong><a href=\"https:\/\/imedos.com\/?page_id=706\">Kontaktieren Sie uns!<\/a><\/strong><\/p>\t\t\t\t\t\t\t\t<\/div>\n\t\t\t\t<\/div>\n\t\t\t\t\t<\/div>\n\t\t<\/div>\n\t\t\t\t\t<\/div>\n\t\t<\/section>\n\t\t\t\t<section class=\"elementor-section elementor-top-section elementor-element elementor-element-ba3d2aa elementor-section-full_width elementor-section-height-default elementor-section-height-default\" data-id=\"ba3d2aa\" data-element_type=\"section\" data-e-type=\"section\">\n\t\t\t\t\t\t<div class=\"elementor-container elementor-column-gap-default\">\n\t\t\t\t\t<div class=\"elementor-column elementor-col-50 elementor-top-column elementor-element elementor-element-fb80514\" data-id=\"fb80514\" data-element_type=\"column\" data-e-type=\"column\">\n\t\t\t<div class=\"elementor-widget-wrap elementor-element-populated\">\n\t\t\t\t\t\t<div class=\"elementor-element elementor-element-f19f13c elementor-widget elementor-widget-heading\" data-id=\"f19f13c\" data-element_type=\"widget\" data-e-type=\"widget\" data-widget_type=\"heading.default\">\n\t\t\t\t<div class=\"elementor-widget-container\">\n\t\t\t\t\t<h2 class=\"elementor-heading-title elementor-size-default\">Aktuell haben wir keine Stellenangebote<\/h2>\t\t\t\t<\/div>\n\t\t\t\t<\/div>\n\t\t\t\t\t<\/div>\n\t\t<\/div>\n\t\t\t\t<div class=\"elementor-column elementor-col-50 elementor-top-column elementor-element elementor-element-accb604 elementor-hidden-desktop elementor-hidden-tablet elementor-hidden-mobile\" data-id=\"accb604\" data-element_type=\"column\" data-e-type=\"column\">\n\t\t\t<div class=\"elementor-widget-wrap elementor-element-populated\">\n\t\t\t\t\t\t<div class=\"elementor-element elementor-element-bae658d elementor-widget elementor-widget-heading\" data-id=\"bae658d\" data-element_type=\"widget\" data-e-type=\"widget\" data-widget_type=\"heading.default\">\n\t\t\t\t<div class=\"elementor-widget-container\">\n\t\t\t\t\t<h2 class=\"elementor-heading-title elementor-size-default\">M\u00f6glichkeiten f\u00fcr Sch\u00fcler und Studenten<\/h2>\t\t\t\t<\/div>\n\t\t\t\t<\/div>\n\t\t\t\t<div class=\"elementor-element elementor-element-4ec19eb elementor-widget elementor-widget-text-editor\" data-id=\"4ec19eb\" data-element_type=\"widget\" data-e-type=\"widget\" data-widget_type=\"text-editor.default\">\n\t\t\t\t<div class=\"elementor-widget-container\">\n\t\t\t\t\t\t\t\t\t<ul><li>Sch\u00fcler und Studenten (m\/w\/d): Praktika und Abschlussarbeiten<\/li><\/ul><p>Du interessierst dich f\u00fcr den Bereich der Medizintechnik und bist auf der Suche nach einem Praktikum oder einer fachlichen Unterst\u00fctzung f\u00fcr Deine Abschlussarbeit?<\/p><p>Wir bieten Dir die M\u00f6glichkeit, bereits gesammeltes theoretisches Wissen in der Praxis anzuwenden und dabei die Strukturen und Abl\u00e4ufe in unserem Unternehmen kennenzulernen. Bitte beachte eine Vorlaufzeit von 3\u20134 Monaten vor dem gew\u00fcnschten Praktikumsbeginn.<\/p>\t\t\t\t\t\t\t\t<\/div>\n\t\t\t\t<\/div>\n\t\t\t\t\t<\/div>\n\t\t<\/div>\n\t\t\t\t\t<\/div>\n\t\t<\/section>\n\t\t\t\t<\/div>\n\t\t","protected":false},"excerpt":{"rendered":"<p>Wir arbeiten gemeinsam \u2013 f\u00fcr die Gef\u00e4\u00dfgesundheit Seit mehr als 20\u00a0Jahren engagiert sich Imedos in der Forschung und Entwicklung von innovativen, medizintechnischen Ger\u00e4tesystemen zur Netzhaut-Gef\u00e4\u00dfanalyse. Dank unserer Technologien erhalten Anwender in Praxis, Klinik und Forschung detaillierte Einblicke in den Zustand, die Funktion und die Regulation retinaler Gef\u00e4\u00dfe und erfahren so wichtige Informationen \u00fcber die allgemeine [&hellip;]<\/p>\n","protected":false},"author":1,"featured_media":0,"parent":0,"menu_order":0,"comment_status":"closed","ping_status":"closed","template":"","meta":{"inline_featured_image":false,"ocean_post_layout":"full-width","ocean_both_sidebars_style":"","ocean_both_sidebars_content_width":0,"ocean_both_sidebars_sidebars_width":0,"ocean_sidebar":"0","ocean_second_sidebar":"0","ocean_disable_margins":"enable","ocean_add_body_class":"","ocean_shortcode_before_top_bar":"","ocean_shortcode_after_top_bar":"","ocean_shortcode_before_header":"","ocean_shortcode_after_header":"","ocean_has_shortcode":"","ocean_shortcode_after_title":"","ocean_shortcode_before_footer_widgets":"","ocean_shortcode_after_footer_widgets":"","ocean_shortcode_before_footer_bottom":"","ocean_shortcode_after_footer_bottom":"","ocean_display_top_bar":"default","ocean_display_header":"default","ocean_header_style":"","ocean_center_header_left_menu":"0","ocean_custom_header_template":"0","ocean_custom_logo":0,"ocean_custom_retina_logo":0,"ocean_custom_logo_max_width":0,"ocean_custom_logo_tablet_max_width":0,"ocean_custom_logo_mobile_max_width":0,"ocean_custom_logo_max_height":0,"ocean_custom_logo_tablet_max_height":0,"ocean_custom_logo_mobile_max_height":0,"ocean_header_custom_menu":"0","ocean_menu_typo_font_family":"0","ocean_menu_typo_font_subset":"","ocean_menu_typo_font_size":0,"ocean_menu_typo_font_size_tablet":0,"ocean_menu_typo_font_size_mobile":0,"ocean_menu_typo_font_size_unit":"px","ocean_menu_typo_font_weight":"","ocean_menu_typo_font_weight_tablet":"","ocean_menu_typo_font_weight_mobile":"","ocean_menu_typo_transform":"","ocean_menu_typo_transform_tablet":"","ocean_menu_typo_transform_mobile":"","ocean_menu_typo_line_height":0,"ocean_menu_typo_line_height_tablet":0,"ocean_menu_typo_line_height_mobile":0,"ocean_menu_typo_line_height_unit":"","ocean_menu_typo_spacing":0,"ocean_menu_typo_spacing_tablet":0,"ocean_menu_typo_spacing_mobile":0,"ocean_menu_typo_spacing_unit":"","ocean_menu_link_color":"","ocean_menu_link_color_hover":"","ocean_menu_link_color_active":"","ocean_menu_link_background":"","ocean_menu_link_hover_background":"","ocean_menu_link_active_background":"","ocean_menu_social_links_bg":"","ocean_menu_social_hover_links_bg":"","ocean_menu_social_links_color":"","ocean_menu_social_hover_links_color":"","ocean_disable_title":"default","ocean_disable_heading":"default","ocean_post_title":"","ocean_post_subheading":"","ocean_post_title_style":"","ocean_post_title_background_color":"","ocean_post_title_background":0,"ocean_post_title_bg_image_position":"","ocean_post_title_bg_image_attachment":"","ocean_post_title_bg_image_repeat":"","ocean_post_title_bg_image_size":"","ocean_post_title_height":0,"ocean_post_title_bg_overlay":0.5,"ocean_post_title_bg_overlay_color":"","ocean_disable_breadcrumbs":"default","ocean_breadcrumbs_color":"","ocean_breadcrumbs_separator_color":"","ocean_breadcrumbs_links_color":"","ocean_breadcrumbs_links_hover_color":"","ocean_display_footer_widgets":"default","ocean_display_footer_bottom":"default","ocean_custom_footer_template":"0","osh_disable_topbar_sticky":"default","osh_disable_header_sticky":"default","osh_sticky_header_style":"default","osh_sticky_header_effect":"","osh_custom_sticky_logo":0,"osh_custom_retina_sticky_logo":0,"osh_custom_sticky_logo_height":0,"osh_background_color":"","osh_links_color":"","osh_links_hover_color":"","osh_links_active_color":"","osh_links_bg_color":"","osh_links_hover_bg_color":"","osh_links_active_bg_color":"","osh_menu_social_links_color":"","osh_menu_social_hover_links_color":"","footnotes":""},"class_list":["post-2845","page","type-page","status-publish","hentry","entry"],"aioseo_notices":[],"_links":{"self":[{"href":"https:\/\/imedos.com\/index.php?rest_route=\/wp\/v2\/pages\/2845","targetHints":{"allow":["GET"]}}],"collection":[{"href":"https:\/\/imedos.com\/index.php?rest_route=\/wp\/v2\/pages"}],"about":[{"href":"https:\/\/imedos.com\/index.php?rest_route=\/wp\/v2\/types\/page"}],"author":[{"embeddable":true,"href":"https:\/\/imedos.com\/index.php?rest_route=\/wp\/v2\/users\/1"}],"replies":[{"embeddable":true,"href":"https:\/\/imedos.com\/index.php?rest_route=%2Fwp%2Fv2%2Fcomments&post=2845"}],"version-history":[{"count":52,"href":"https:\/\/imedos.com\/index.php?rest_route=\/wp\/v2\/pages\/2845\/revisions"}],"predecessor-version":[{"id":6593,"href":"https:\/\/imedos.com\/index.php?rest_route=\/wp\/v2\/pages\/2845\/revisions\/6593"}],"wp:attachment":[{"href":"https:\/\/imedos.com\/index.php?rest_route=%2Fwp%2Fv2%2Fmedia&parent=2845"}],"curies":[{"name":"wp","href":"https:\/\/api.w.org\/{rel}","templated":true}]}}