{"id":754,"date":"2022-11-15T09:03:32","date_gmt":"2022-11-15T09:03:32","guid":{"rendered":"https:\/\/2023.imedos.com\/impressum\/"},"modified":"2025-11-21T15:08:40","modified_gmt":"2025-11-21T15:08:40","slug":"impressum","status":"publish","type":"page","link":"https:\/\/imedos.com\/?page_id=754","title":{"rendered":"Impressum"},"content":{"rendered":"\t\t<div data-elementor-type=\"wp-page\" data-elementor-id=\"754\" class=\"elementor elementor-754 elementor-741\">\n\t\t\t\t\t\t<section class=\"elementor-section elementor-top-section elementor-element elementor-element-2b46f4b5 elementor-section-boxed elementor-section-height-default elementor-section-height-default\" data-id=\"2b46f4b5\" data-element_type=\"section\" data-e-type=\"section\">\n\t\t\t\t\t\t<div class=\"elementor-container elementor-column-gap-default\">\n\t\t\t\t\t<div class=\"elementor-column elementor-col-100 elementor-top-column elementor-element elementor-element-76de88ca\" data-id=\"76de88ca\" data-element_type=\"column\" data-e-type=\"column\">\n\t\t\t<div class=\"elementor-widget-wrap elementor-element-populated\">\n\t\t\t\t\t\t<div class=\"elementor-element elementor-element-6db3b82e elementor-widget elementor-widget-text-editor\" data-id=\"6db3b82e\" data-element_type=\"widget\" data-e-type=\"widget\" data-widget_type=\"text-editor.default\">\n\t\t\t\t<div class=\"elementor-widget-container\">\n\t\t\t\t\t\t\t\t\t<h3>Impressum<\/h3>\n<hr>\n<p>Imedos Health GmbH<br><span style=\"font-size: 15px; color: var( --e-global-color-text );\">Tatzendpromenade 2A<br>07745 Jena<\/span><\/p>\n<p><b>Kontaktdaten<br><\/b><span style=\"font-size: 15px; color: var( --e-global-color-primary );\">Telefon: +49 3641 6396\u20130<br><\/span><span style=\"font-size: 15px; color: var( --e-global-color-primary );\">Telefax: +49 3641 6396\u201312<br><\/span><span style=\"font-size: 15px; color: var( --e-global-color-primary );\">E-Mail: info@imedos.de<\/span><\/p>\n<p>Vertreten durch den Gesch\u00e4ftsf\u00fchrer<br><span style=\"font-size: 15px; color: var( --e-global-color-primary );\">Paul E. Schenker<\/span><\/p>\n<p>Amtsgericht:&nbsp;Jena<br>Handelsregisternummer:&nbsp;HRB 518622<br>USt-ID:&nbsp;DE347137207<\/p>\n<p><b>Inhaltliche Verantwortlicher:<br><\/b><span style=\"font-size: 15px; color: var( --e-global-color-primary );\">Paul E. Schenker<br><\/span><span style=\"font-size: 15px; color: var( --e-global-color-primary );\">Tatzendpromenade 2A,<br><\/span><span style=\"font-size: 15px; color: var( --e-global-color-primary );\">07745 Jena<\/span><\/p>\n<p><b>EU-Streitschlichtung:<\/b><br><span style=\"font-size: 15px; color: var( --e-global-color-primary );\">Die Europ\u00e4ische Kommission stellt eine Plattform zur Online-Streitschlichtung (OS) bereit:&nbsp;<\/span><strong style=\"font-size: 15px; color: var( --e-global-color-primary );\"><a href=\"http:\/\/ec.europa.eu\/consumers\/odr\" target=\"_blank\" rel=\"noreferrer noopener\">http:\/\/ec.europa.eu\/consumers\/odr<\/a><\/strong><span style=\"font-size: 15px; color: var( --e-global-color-primary );\">. Wir sind nicht bereit oder verpflichtet an einem Online-Streitbeteiligungsverfahren teilzunehmen.<\/span><\/p>\n<p>Verbraucherstreitbeteiligung\/ Universalschlichtungsstelle: Wir sind ferner nicht bereit oder verpflichtet, an Streitbeilegungsverfahren vor einer Verbraucherschlichtungsstelle teilzunehmen.<\/p>\n<p><b>Haftung f\u00fcr Inhalte<br><\/b><span style=\"font-size: 15px; color: var( --e-global-color-primary );\">Als Diensteanbieter sind wir gem\u00e4\u00df \u00a7 7 Abs.1 TMG f\u00fcr eigene Inhalte auf diesen Seiten nach den allgemeinen Gesetzen verantwortlich. Nach \u00a7\u00a7 8 bis 10 TMG sind wir als Diensteanbieter jedoch nicht verpflichtet, \u00fcbermittelte oder gespeicherte fremde Informationen zu \u00fcberwachen oder nach Umst\u00e4nden zu forschen, die auf eine rechtswidrige T\u00e4tigkeit hinweisen.<\/span><\/p>\n<p>Verpflichtungen zur Entfernung oder Sperrung der Nutzung von Informationen nach den allgemeinen Gesetzen bleiben hiervon unber\u00fchrt. Eine diesbez\u00fcgliche Haftung ist jedoch erst ab dem Zeitpunkt der Kenntnis einer konkreten Rechtsverletzung m\u00f6glich. Bei Bekanntwerden von entsprechenden Rechtsverletzungen werden wir diese Inhalte umgehend entfernen.<\/p>\n<p><b>Haftung f\u00fcr Links<\/b><br><span style=\"font-size: 15px; color: var( --e-global-color-primary );\">Unsere Website enth\u00e4lt Links zu externen Websites Dritter, auf deren Inhalte wir keinen Einfluss haben. Deshalb k\u00f6nnen wir f\u00fcr diese fremden Inhalte auch keine Gew\u00e4hr \u00fcbernehmen. F\u00fcr die Inhalte der verlinkten Seiten ist stets der jeweilige Anbieter oder Betreiber der Seiten verantwortlich. Die verlinkten Seiten wurden zum Zeitpunkt der Verlinkung auf m\u00f6gliche Rechtsverst\u00f6\u00dfe \u00fcberpr\u00fcft. Rechtswidrige Inhalte waren zum Zeitpunkt der Verlinkung nicht erkennbar. Eine permanente inhaltliche Kontrolle der verlinkten Seiten ist jedoch ohne konkrete Anhaltspunkte einer Rechtsverletzung nicht zumutbar. Bei Bekanntwerden von Rechtsverletzungen werden wir derartige Links umgehend entfernen.<\/span><\/p>\n<p><b>Urheberrecht<\/b><br><span style=\"font-size: 15px; color: var( --e-global-color-primary );\">Die durch die Seitenbetreiber erstellten Inhalte und Werke auf diesen Seiten unterliegen dem deutschen Urheberrecht. Die Vervielf\u00e4ltigung, Bearbeitung, Verbreitung und jede Art der Verwertung au\u00dferhalb der Grenzen des Urheberrechtes bed\u00fcrfen der schriftlichen Zustimmung des jeweiligen Autors bzw. Erstellers. Downloads und Kopien dieser Seite sind nur f\u00fcr den privaten, nicht kommerziellen Gebrauch gestattet. Soweit die Inhalte auf dieser Seite nicht vom Betreiber erstellt wurden, werden die Urheberrechte Dritter beachtet. Insbesondere werden Inhalte Dritter als solche gekennzeichnet. Sollten Sie trotzdem auf eine Urheberrechtsverletzung aufmerksam werden, bitten wir um einen entsprechenden Hinweis. Bei Bekanntwerden von Rechtsverletzungen werden wir derartige Inhalte umgehend entfernen.<\/span><\/p>\n<p><a style=\"font-size: 15px;\" href=\"https:\/\/imedos.com\/wp-content\/uploads\/2023\/02\/Allgemeine-Verkaufsbedingungen-der-Imedos.pdf\" target=\"_blank\" rel=\"noopener\"><b>Allgemeine Gesch\u00e4fts und Verkaufsbedingungen zum&nbsp;Download<\/b><\/a><\/p>\n<p><span style=\"font-size: 15px; color: var( --e-global-color-primary );\">Bildnachweise<\/span><\/p>\n<p><span style=\"font-size: 15px; color: var( --e-global-color-primary );\">Die Grafik des Blutkreislaufs und Gef\u00e4\u00dfsystem auf der Startseite wurde unter Nutzung folgender Grafik&nbsp;<\/span><a style=\"font-size: 15px; background-color: #ffffff;\" href=\"https:\/\/de.freepik.com\/vektoren\/anatomie\" target=\"_blank\" rel=\"noreferrer noopener\">Anatomie Vektor erstellt von storyset&nbsp;\u2013 de.freepik.com<\/a><span style=\"font-size: 15px; color: var( --e-global-color-primary );\">&nbsp;erstellt.<\/span><\/p>\t\t\t\t\t\t\t\t<\/div>\n\t\t\t\t<\/div>\n\t\t\t\t\t<\/div>\n\t\t<\/div>\n\t\t\t\t\t<\/div>\n\t\t<\/section>\n\t\t\t\t<\/div>\n\t\t","protected":false},"excerpt":{"rendered":"<p>Impressum Imedos Health GmbHTatzendpromenade 2A07745 Jena KontaktdatenTelefon: +49 3641 6396\u20130Telefax: +49 3641 6396\u201312E-Mail: info@imedos.de Vertreten durch den Gesch\u00e4ftsf\u00fchrerPaul E. Schenker Amtsgericht:&nbsp;JenaHandelsregisternummer:&nbsp;HRB 518622USt-ID:&nbsp;DE347137207 Inhaltliche Verantwortlicher:Paul E. SchenkerTatzendpromenade 2A,07745 Jena EU-Streitschlichtung:Die Europ\u00e4ische Kommission stellt eine Plattform zur Online-Streitschlichtung (OS) bereit:&nbsp;http:\/\/ec.europa.eu\/consumers\/odr. Wir sind nicht bereit oder verpflichtet an einem Online-Streitbeteiligungsverfahren teilzunehmen. Verbraucherstreitbeteiligung\/ Universalschlichtungsstelle: Wir sind ferner nicht bereit [&hellip;]<\/p>\n","protected":false},"author":1,"featured_media":0,"parent":0,"menu_order":0,"comment_status":"closed","ping_status":"closed","template":"","meta":{"inline_featured_image":false,"ocean_post_layout":"","ocean_both_sidebars_style":"","ocean_both_sidebars_content_width":0,"ocean_both_sidebars_sidebars_width":0,"ocean_sidebar":"0","ocean_second_sidebar":"0","ocean_disable_margins":"enable","ocean_add_body_class":"","ocean_shortcode_before_top_bar":"","ocean_shortcode_after_top_bar":"","ocean_shortcode_before_header":"","ocean_shortcode_after_header":"","ocean_has_shortcode":"","ocean_shortcode_after_title":"","ocean_shortcode_before_footer_widgets":"","ocean_shortcode_after_footer_widgets":"","ocean_shortcode_before_footer_bottom":"","ocean_shortcode_after_footer_bottom":"","ocean_display_top_bar":"default","ocean_display_header":"default","ocean_header_style":"","ocean_center_header_left_menu":"0","ocean_custom_header_template":"0","ocean_custom_logo":0,"ocean_custom_retina_logo":0,"ocean_custom_logo_max_width":0,"ocean_custom_logo_tablet_max_width":0,"ocean_custom_logo_mobile_max_width":0,"ocean_custom_logo_max_height":0,"ocean_custom_logo_tablet_max_height":0,"ocean_custom_logo_mobile_max_height":0,"ocean_header_custom_menu":"0","ocean_menu_typo_font_family":"0","ocean_menu_typo_font_subset":"","ocean_menu_typo_font_size":0,"ocean_menu_typo_font_size_tablet":0,"ocean_menu_typo_font_size_mobile":0,"ocean_menu_typo_font_size_unit":"px","ocean_menu_typo_font_weight":"","ocean_menu_typo_font_weight_tablet":"","ocean_menu_typo_font_weight_mobile":"","ocean_menu_typo_transform":"","ocean_menu_typo_transform_tablet":"","ocean_menu_typo_transform_mobile":"","ocean_menu_typo_line_height":0,"ocean_menu_typo_line_height_tablet":0,"ocean_menu_typo_line_height_mobile":0,"ocean_menu_typo_line_height_unit":"","ocean_menu_typo_spacing":0,"ocean_menu_typo_spacing_tablet":0,"ocean_menu_typo_spacing_mobile":0,"ocean_menu_typo_spacing_unit":"","ocean_menu_link_color":"","ocean_menu_link_color_hover":"","ocean_menu_link_color_active":"","ocean_menu_link_background":"","ocean_menu_link_hover_background":"","ocean_menu_link_active_background":"","ocean_menu_social_links_bg":"","ocean_menu_social_hover_links_bg":"","ocean_menu_social_links_color":"","ocean_menu_social_hover_links_color":"","ocean_disable_title":"default","ocean_disable_heading":"default","ocean_post_title":"","ocean_post_subheading":"","ocean_post_title_style":"","ocean_post_title_background_color":"","ocean_post_title_background":0,"ocean_post_title_bg_image_position":"","ocean_post_title_bg_image_attachment":"","ocean_post_title_bg_image_repeat":"","ocean_post_title_bg_image_size":"","ocean_post_title_height":0,"ocean_post_title_bg_overlay":0.5,"ocean_post_title_bg_overlay_color":"","ocean_disable_breadcrumbs":"default","ocean_breadcrumbs_color":"","ocean_breadcrumbs_separator_color":"","ocean_breadcrumbs_links_color":"","ocean_breadcrumbs_links_hover_color":"","ocean_display_footer_widgets":"default","ocean_display_footer_bottom":"default","ocean_custom_footer_template":"0","osh_disable_topbar_sticky":"default","osh_disable_header_sticky":"default","osh_sticky_header_style":"default","osh_sticky_header_effect":"","osh_custom_sticky_logo":0,"osh_custom_retina_sticky_logo":0,"osh_custom_sticky_logo_height":0,"osh_background_color":"","osh_links_color":"","osh_links_hover_color":"","osh_links_active_color":"","osh_links_bg_color":"","osh_links_hover_bg_color":"","osh_links_active_bg_color":"","osh_menu_social_links_color":"","osh_menu_social_hover_links_color":"","footnotes":""},"class_list":["post-754","page","type-page","status-publish","hentry","entry"],"aioseo_notices":[],"_links":{"self":[{"href":"https:\/\/imedos.com\/index.php?rest_route=\/wp\/v2\/pages\/754","targetHints":{"allow":["GET"]}}],"collection":[{"href":"https:\/\/imedos.com\/index.php?rest_route=\/wp\/v2\/pages"}],"about":[{"href":"https:\/\/imedos.com\/index.php?rest_route=\/wp\/v2\/types\/page"}],"author":[{"embeddable":true,"href":"https:\/\/imedos.com\/index.php?rest_route=\/wp\/v2\/users\/1"}],"replies":[{"embeddable":true,"href":"https:\/\/imedos.com\/index.php?rest_route=%2Fwp%2Fv2%2Fcomments&post=754"}],"version-history":[{"count":24,"href":"https:\/\/imedos.com\/index.php?rest_route=\/wp\/v2\/pages\/754\/revisions"}],"predecessor-version":[{"id":5839,"href":"https:\/\/imedos.com\/index.php?rest_route=\/wp\/v2\/pages\/754\/revisions\/5839"}],"wp:attachment":[{"href":"https:\/\/imedos.com\/index.php?rest_route=%2Fwp%2Fv2%2Fmedia&parent=754"}],"curies":[{"name":"wp","href":"https:\/\/api.w.org\/{rel}","templated":true}]}}